{"id":88,"date":"2024-07-19T13:41:49","date_gmt":"2024-07-19T13:41:49","guid":{"rendered":"https:\/\/location-tourbus.fr\/TourBus-Artistes\/index.php\/mesmerize\/"},"modified":"2024-07-21T07:43:02","modified_gmt":"2024-07-21T07:43:02","slug":"mesmerize","status":"publish","type":"page","link":"https:\/\/location-tourbus.fr\/TourBus-Artistes\/","title":{"rendered":"Front Page"},"content":{"rendered":"<div  id=\"features-2\" style=\"background-color: #ffffff;\" data-label=\"Features\" data-id=\"features-ov-4-mc\" data-export-id=\"features-ov-4-mc\" data-category=\"features\" class=\"features-ov-4-mc content-section content-section-spacing\"><div  class=\"gridContainer\"> <div  data-type=\"row\" class=\"row spaced-cols text-center\"><div  class=\"col-xs-12 col-sm-4 col-padding\"> <i  class=\"fa icon fa-clone large shadow-large-black round aligncenter reverse color1\"><\/i> <div  data-type=\"column\" class=\"\"> <h5  class=\"font-400\">Tourbus : Confort en Tourn\u00e9e<\/h5> <p  class=\"\">Les Meilleures Options de Tourbus pour une Tourn\u00e9e R\u00e9ussie<\/p><\/div> <\/div> <div  class=\"col-xs-12 col-sm-4 col-padding\"> <i  class=\"fa icon fa-cogs large shadow-large-black round aligncenter reverse color2\"><\/i> <div  data-type=\"column\" class=\"\"><h5  class=\"font-400\">Tourbus : Tourn\u00e9e Optimale<\/h5> <p  class=\"\">Guide Complet pour Louer un Tourbus pour Votre Prochaine Tourn\u00e9e<\/p><\/div> <\/div> <div  class=\"col-xs-12 col-sm-4 col-padding\"> <i  class=\"fa icon fa-magic large shadow-large-black round aligncenter reverse color4\"><\/i> <div  data-type=\"column\" class=\"\"><h5  class=\"font-400\">Tourbus : Voyage VIP<\/h5> <p  class=\"\">Optimisez Votre Tourn\u00e9e avec la Location de Tourbus : Avantages et Conseils<\/p><\/div> <\/div><\/div> <\/div><\/div><div  id=\"about-1\" style=\"background-color: #f5fafd;\" data-label=\"About\" data-id=\"about-images-right-section-mc\" data-export-id=\"about-images-right-section-mc\" data-bullets-visibility=\"true\" data-category=\"about\" class=\"about-images-right-section-mc content-section content-section-spacing\"><div  class=\"gridContainer\"> <div  class=\"row middle-sm text-center\"><div  class=\"col-sm-5 content-left-sm\" data-type=\"column\"> <h5  class=\"\">Tourn\u00e9e en Tourbus<\/h5> <h2  class=\"\">Comment Choisir le Tourbus Id\u00e9al pour Votre Tourn\u00e9e<\/h2> <p  class=\"\">Choisir le tourbus id\u00e9al pour une tourn\u00e9e est une \u00e9tape cruciale pour assurer le confort, la s\u00e9curit\u00e9 et la r\u00e9ussite des d\u00e9placements. Un tourbus bien choisi peut transformer une tourn\u00e9e fatigante en une exp\u00e9rience agr\u00e9able et productive. <\/p> <a class=\"button color1\" href=\"https:\/\/www.location-tourbus.fr\/contacts.html\" target=\"_blank\" data-cp-link=\"1\" rel=\"noopener\">Demande de devis<\/a><\/div> <div  class=\"col-sm-7 space-bottom-xs\"><div  class=\"image-group-side-3-img\"> <img  decoding=\"async\" class=\"topimg shadow-large\" src=\"https:\/\/location-tourbus.fr\/TourBus-Artistes\/wp-content\/uploads\/2024\/07\/cropped-chambre-tourbus.jpg\" title=\"cropped-chambre-tourbus.jpg\" alt=\"\"> <img  decoding=\"async\" class=\"rightimg shadow-large\" src=\"https:\/\/location-tourbus.fr\/TourBus-Artistes\/wp-content\/uploads\/2024\/07\/cropped-tourbus-moderne-etage-dans-des-festival.jpg\" title=\"cropped-tourbus-moderne-etage-dans-des-festival.jpg\" alt=\"\"> <div  class=\"leftimg\"> <img  decoding=\"async\" class=\"shadow-large\" src=\"https:\/\/location-tourbus.fr\/TourBus-Artistes\/wp-content\/uploads\/2024\/07\/cropped-concert-tour-bus-scaled-2.jpg\" title=\"concert-tour-bus\" alt=\"\"><\/div> <\/div><\/div> <\/div><\/div> <\/div><div  id=\"features-1\" style=\"background-color: #ffffff;\" data-label=\"Features\" data-id=\"features-16-card-bordered-mc\" data-export-id=\"features-16-card-bordered-mc\" data-bullets-visibility=\"true\" data-category=\"features\" class=\"features-16-card-bordered-mc content-section content-section-spacing\"><div  class=\"gridContainer\"> <div  class=\"row text-center\"><div  class=\"section-title-col\" data-type=\"column\"> <h5  class=\"\">Confort Mobile<\/h5> <h2  class=\"\">\u00c9valuer les Besoins de Votre \u00c9quipe !<\/h2> <p  class=\"lead\">\u00c9quipe: Calculez le nombre total de personnes, y compris les artistes, les techniciens, les managers et autres membres de l\u2019\u00e9quipe. Cela d\u00e9terminera la taille du bus n\u00e9cessaire.<br >Confort: Assurez-vous que le bus dispose de suffisamment de lits et de si\u00e8ges pour que chacun puisse voyager confortablement.<\/p><\/div> <\/div> <div  class=\"row spaced-cols\" data-type=\"row\"> <div  class=\"col-xs-12 col-sm-6 col-md-4\"> <div  class=\"card no-padding bordered y-move\"> <img  decoding=\"async\" class=\"face\" src=\"https:\/\/location-tourbus.fr\/TourBus-Artistes\/wp-content\/uploads\/2024\/07\/cropped-tourbus-paris-2024.jpg\" title=\"cropped-tourbus-paris-2024.jpg\" alt=\"\"> <div  data-type=\"column\" class=\"col-padding-small col-padding-small-xs description-container\"> <h4  class=\"font-500\">Tourbus de Prestige<\/h4> <p  class=\"\">Kitchens<br >\u00c9quipements: R\u00e9frig\u00e9rateurs, micro-ondes, cafeti\u00e8res et parfois plaques de cuisson.<br >    Stockage: Espace suffisant pour stocker des aliments et des boissons pour la dur\u00e9e de la tourn\u00e9e.<\/p><\/div> <div  data-type=\"column\" class=\"col-padding-small col-padding-small-xs read-more-container\"><a class=\"read-more\" href=\"https:\/\/www.location-tourbus.fr\/contacts.html\" target=\"_self\" data-cp-link=\"1\" rel=\"noopener\">Infos<\/a><\/div> <\/div><\/div> <div  class=\"col-xs-12 col-sm-6 col-md-4\"><div  class=\"card no-padding bordered y-move\"> <img  decoding=\"async\" class=\"face\" src=\"https:\/\/location-tourbus.fr\/TourBus-Artistes\/wp-content\/uploads\/2024\/07\/cropped-tourbus10.jpg\" title=\"cropped-tourbus10.jpg\" alt=\"\"> <div  data-type=\"column\" class=\"col-padding-small col-padding-small-xs description-container\"> <h4  class=\"font-500\">Tourbus \u00c9quip\u00e9<\/h4> <p  class=\"\">Espaces de Vie<br >Salons: Canap\u00e9s, t\u00e9l\u00e9visions, et syst\u00e8mes de son pour se d\u00e9tendre.<br >Espaces de Travail: Bureaux et connexions internet pour travailler en route.<\/p><\/div> <div  data-type=\"column\" class=\"col-padding-small col-padding-small-xs read-more-container\"><a class=\"read-more\" href=\"https:\/\/www.location-tourbus.fr\" target=\"_self\" data-cp-link=\"1\" rel=\"noopener\">Infos<\/a><\/div> <\/div><\/div> <div  class=\"col-xs-12 col-sm-6 col-md-4\"><div  class=\"card no-padding bordered y-move\"> <img  decoding=\"async\" class=\"face\" src=\"https:\/\/location-tourbus.fr\/TourBus-Artistes\/wp-content\/uploads\/2024\/07\/cropped-Location-de-bus-de-festival-prod19.jpg\" title=\"cropped-Location-de-bus-de-festival-prod19.jpg\" alt=\"\"> <div  data-type=\"column\" class=\"col-padding-small col-padding-small-xs description-container\"> <h4  class=\"font-500\">Tourn\u00e9e Confort<\/h4> <p  class=\"\">Divertissements<br >Syst\u00e8mes Audiovisuels: T\u00e9l\u00e9visions, consoles de jeux, syst\u00e8mes de son.<br >    Wi-Fi: Connexion internet stable pour le travail et le divertissement.<\/p><\/div> <div  data-type=\"column\" class=\"col-padding-small col-padding-small-xs read-more-container\"><a class=\"read-more\" href=\"https:\/\/www.location-tourbus.fr\/contacts.html\" target=\"_self\" data-cp-link=\"1\" rel=\"noopener\">infos<\/a><\/div> <\/div><\/div> <\/div><\/div> <\/div><div  id=\"content-1\" style=\"background-color: #f5fafd;\" data-label=\"Content\" data-id=\"content-7-mc\" data-export-id=\"content-7-mc\" data-category=\"content\" class=\"content-7-mc content-section content-section-spacing\"><div  class=\"gridContainer\"> <div  class=\"row middle-sm\"><div  class=\"col-sm-6 space-bottom-xs\" data-type=\"column\"> <h2  class=\"\">Consid\u00e9rations Pratiques<\/h2> <p  class=\"\">Budget<br >Co\u00fbts: Comparez les prix de location en tenant compte des \u00e9quipements et des services inclus.\r\n<br ><br >    \u00c9conomies: Pensez aux \u00e9conomies r\u00e9alis\u00e9es sur les h\u00f4tels et les repas en ayant un bus bien \u00e9quip\u00e9.<\/p> <a class=\"button color1\" href=\"https:\/\/www.location-tourbus.fr\/contacts.html\" target=\"_blank\" data-cp-link=\"1\" rel=\"noopener\">Demande de devis<\/a><\/div> <div  class=\"col-sm-6\" data-type=\"column\"> <img  decoding=\"async\" class=\"shadow-large\" src=\"https:\/\/location-tourbus.fr\/TourBus-Artistes\/wp-content\/uploads\/2024\/07\/cropped-Tourbus-artistes-Marseille-en-location.jpg\" title=\"cropped-Tourbus-artistes-Marseille-en-location.jpg\" alt=\"\"><\/div> <\/div><\/div> <\/div><div  id=\"content-2\" style=\"background-color: #ffffff;\" data-label=\"Content\" data-id=\"content-8-mc\" data-export-id=\"content-8-mc\" data-category=\"content\" class=\"content-8-mc content-section content-section-spacing\"><div  class=\"gridContainer\"> <div  class=\"row middle-sm\"><div  class=\"col-sm-6 space-bottom-xs space-top-xs\" data-type=\"column\"> <img  decoding=\"async\" class=\"shadow-large\" src=\"https:\/\/location-tourbus.fr\/TourBus-Artistes\/wp-content\/uploads\/2024\/07\/cropped-Florian-ruby-scaled-1.jpg\" title=\"Florian-ruby\" alt=\"\"><\/div> <div  class=\"col-sm-6\" data-type=\"column\"><h2  class=\"\">Chez Prod19, nous comprenons les exigences uniques des tourn\u00e9es artistiques<\/h2> <p  class=\"\">Prod19 est une soci\u00e9t\u00e9 sp\u00e9cialis\u00e9e dans la location de tourbus, d\u00e9di\u00e9e \u00e0 offrir des solutions de transport sur mesure pour les artistes en tourn\u00e9e. Forts d\u2019une flotte de v\u00e9hicules modernes et bien \u00e9quip\u00e9s, nous garantissons confort, s\u00e9curit\u00e9 et flexibilit\u00e9 pour r\u00e9pondre aux besoins sp\u00e9cifiques des tourn\u00e9es de toutes tailles.<\/p> <a class=\"button color1\" href=\"https:\/\/www.prod19.fr\" target=\"_blank\" data-cp-link=\"1\" rel=\"noopener\">Prod19<\/a><\/div> <\/div><\/div> <\/div><div  id=\"testimonials-1\" style=\"background-color: #ffffff;\" data-label=\"Testimonials\" data-id=\"testimonials-5-mc\" data-export-id=\"testimonials-5-mc\" data-category=\"testimonials\" class=\"testimonials-5-mc content-section content-section-spacing\"><div  class=\"gridContainer\"> <div  class=\"row\"><div  data-type=\"column\" class=\"section-title-col\"> <h5  class=\"\">T\u00e9moignage Client :<\/h5> <h2  class=\"\">&nbsp;Artiste en Tourn\u00e9e avec Prod19<\/h2> <p  class=\"lead\">Le Tourbus de Prod19 a Transform\u00e9 Notre Tourn\u00e9e<\/p><\/div> <\/div> <div  class=\"row spaced-cols content-center-sm\" data-type=\"row\"> <div  class=\"col-sm-4\"> <div  class=\"card y-move bordered\" data-type=\"column\"> <i  class=\"fa fa-quote-right icon color1 small quotation-icon\"><\/i> <p  class=\"text-center\">Nous avons r\u00e9cemment fait appel \u00e0 Prod19 pour la location de notre tourbus lors de notre derni\u00e8re tourn\u00e9e, et l\u2019exp\u00e9rience a \u00e9t\u00e9 exceptionnelle. D\u00e8s le d\u00e9but, leur \u00e9quipe a d\u00e9montr\u00e9 un professionnalisme remarquable en r\u00e9pondant rapidement \u00e0 toutes nos questions et en s\u2019assurant que nos besoins \u00e9taient bien compris.<\/p> <img  decoding=\"async\" src=\"https:\/\/location-tourbus.fr\/TourBus-Artistes\/wp-content\/themes\/highlight\/customizer\/sections\/images\/team-1.jpg\" class=\"round icon\">  <\/div> <\/div> <div  class=\"col-sm-4\"> <div  class=\"card y-move bordered\" data-type=\"column\"> <i  class=\"fa fa-quote-right icon color1 small quotation-icon\"><\/i> <p  class=\"text-center\">Le tourbus que nous avons lou\u00e9 \u00e9tait impeccablement entretenu et parfaitement adapt\u00e9 \u00e0 nos exigences. Les lits superpos\u00e9s \u00e9taient confortables, et les cabines priv\u00e9es offraient une intimit\u00e9 bienvenue. La cuisine \u00e9quip\u00e9e nous a permis de pr\u00e9parer des repas sur le pouce, et les espaces de d\u00e9tente \u00e9taient id\u00e9aux pour se relaxer entre les spectacles. <\/p> <img  decoding=\"async\" src=\"https:\/\/location-tourbus.fr\/TourBus-Artistes\/wp-content\/themes\/highlight\/customizer\/sections\/images\/team-3.jpg\" class=\"round icon\">  <\/div> <\/div> <div  class=\"col-sm-4\"> <div  class=\"card y-move bordered\" data-type=\"column\"> <i  class=\"fa fa-quote-right icon color1 small quotation-icon\"><\/i> <p  class=\"text-center\">Ce qui a vraiment distingu\u00e9 Prod19, c\u2019est leur attention aux d\u00e9tails. Le chauffeur \u00e9tait non seulement exp\u00e9riment\u00e9 et professionnel, mais il avait \u00e9galement une connaissance approfondie des itin\u00e9raires, ce qui nous a permis d\u2019\u00e9viter les impr\u00e9vus et d\u2019arriver \u00e0 destination \u00e0 temps, sans stress.<\/p> <img  decoding=\"async\" src=\"https:\/\/location-tourbus.fr\/TourBus-Artistes\/wp-content\/themes\/highlight\/customizer\/sections\/images\/team-7.jpg\" class=\"round icon\">  <\/div> <\/div><\/div> <\/div><\/div><div  id=\"cta-1\" style=\"background-color: #f5fafd;\" data-label=\"Cta\" data-id=\"cta-blue-section-mc\" data-export-id=\"cta-blue-section-mc\" data-category=\"cta\" class=\"cta-blue-section-mc content-section content-section-spacing le_cocktail white-text\"><div  class=\"gridContainer\"> <div  class=\"row middle-xs\"><div  class=\"col-sm-8 space-bottom-xs\" data-type=\"column\"> <h2  class=\"\">Obtenez un Devis pour un Tourbus Sur Mesure pour Votre Tourn\u00e9e<\/h2> <\/div> <div  class=\"col-sm-4 end-sm\" data-type=\"column\"> <a class=\"button color2\" href=\"https:\/\/www.location-tourbus.fr\/contacts.html\" target=\"_blank\" data-cp-link=\"1\" rel=\"noopener\">Par Ici<\/a><\/div> <\/div><\/div> <\/div><div  id=\"latest-news-1\" style=\"background-color: #f5fafd;\" data-label=\"Latest-news\" data-id=\"blog-section-mc\" data-export-id=\"blog-section-mc\" data-category=\"latest_news\" class=\"blog-section-mc blog-section-standard content-section content-section-spacing\"><div  class=\"gridContainer\"> <div  class=\"row\"><div  data-type=\"column\" class=\"section-title-col\"> <h5  class=\"\">Tourbus sur Mesure<\/h5> <h2  class=\"\">Pr\u00e9parez Votre Tourn\u00e9e en Toute Confiance<\/h2> <p  class=\"lead\">Devis Personnalis\u00e9 pour Location de Tourbus \u2013 Pr\u00e9parez Votre Prochaine Tourn\u00e9e<\/p><\/div> <\/div> <div  class=\"row\"> <div  data-type=\"row\" data-dynamic-columns=\"handled\" data-content-shortcode=\"mesmerize_latest_news posts=&quot;3&quot;\">\t\t<div class=\"row center-sm content-left-sm\">\n\t\t\t\t\t<div id=\"post-213\" class=\"col-sm-6 col-md-4 space-bottom space-bottom-xs\">\n\t\t\t\t<div class=\"post-content card y-move bordered\">\n\t\t\t\t\t<div class=\"post-thumbnail\">\n   <a href=\"https:\/\/location-tourbus.fr\/TourBus-Artistes\/introduction-aux-tour-bus-de-tournee\/\" class=\"post-list-item-thumb \">\n      <img loading=\"lazy\" decoding=\"async\" width=\"1024\" height=\"1024\" src=\"https:\/\/location-tourbus.fr\/TourBus-Artistes\/wp-content\/uploads\/2024\/07\/Tour-Bus-de-Tournee-artiste.jpg\" class=\"attachment-post-thumbnail size-post-thumbnail wp-post-image\" alt=\"Tour-Bus-de-Tourn\u00e9e-artiste\" srcset=\"https:\/\/location-tourbus.fr\/TourBus-Artistes\/wp-content\/uploads\/2024\/07\/Tour-Bus-de-Tournee-artiste.jpg 1024w, https:\/\/location-tourbus.fr\/TourBus-Artistes\/wp-content\/uploads\/2024\/07\/Tour-Bus-de-Tournee-artiste-300x300.jpg 300w, https:\/\/location-tourbus.fr\/TourBus-Artistes\/wp-content\/uploads\/2024\/07\/Tour-Bus-de-Tournee-artiste-150x150.jpg 150w, https:\/\/location-tourbus.fr\/TourBus-Artistes\/wp-content\/uploads\/2024\/07\/Tour-Bus-de-Tournee-artiste-768x768.jpg 768w\" sizes=\"auto, (max-width: 1024px) 100vw, 1024px\" \/>   <\/a>\n<\/div>\n\t\t\t\t\t<div class=\"col-padding col-padding-xs\">\n\t\t\t\t\t\t<h3 class=\"post-title space-bottom-small\">\n\t\t\t\t\t\t\t<a href=\"https:\/\/location-tourbus.fr\/TourBus-Artistes\/introduction-aux-tour-bus-de-tournee\/\" rel=\"bookmark\">\n\t\t\t\t\t\t\t\tIntroduction aux Tour Bus de Tourn\u00e9e\t\t\t\t\t\t\t<\/a>\n\t\t\t\t\t\t<\/h3>\n\t\t\t\t\t\t<p>1. Qu&rsquo;est-ce qu&rsquo;un tour bus de tourn\u00e9e? Un tour bus de tourn\u00e9e est un v\u00e9hicule sp\u00e9cialement \u00e9quip\u00e9 pour transporter des artistes et leurs \u00e9quipes lors de tourn\u00e9es de concerts ou[&hellip;]<\/p>\n\t\t\t\t\t\t<a class=\"read-more link\" href=\"https:\/\/location-tourbus.fr\/TourBus-Artistes\/introduction-aux-tour-bus-de-tournee\/\">\n\t\t\t\t\t\t\tRead more\t\t\t\t\t\t<\/a>\n\t\t\t\t\t<\/div>\n\t\t\t\t<\/div>\n\t\t\t<\/div>\n\t\t\t\t\t\t<div id=\"post-211\" class=\"col-sm-6 col-md-4 space-bottom space-bottom-xs\">\n\t\t\t\t<div class=\"post-content card y-move bordered\">\n\t\t\t\t\t<div class=\"post-thumbnail\">\n   <a href=\"https:\/\/location-tourbus.fr\/TourBus-Artistes\/dossier-sur-la-location-de-tourbus-pas-cher\/\" class=\"post-list-item-thumb \">\n      <img loading=\"lazy\" decoding=\"async\" width=\"1024\" height=\"1024\" src=\"https:\/\/location-tourbus.fr\/TourBus-Artistes\/wp-content\/uploads\/2024\/07\/Dynamisation-de-la-Scene-Locale.jpg\" class=\"attachment-post-thumbnail size-post-thumbnail wp-post-image\" alt=\"Tourbus de luxe Dynamisation de la Sc\u00e8ne Locale\" srcset=\"https:\/\/location-tourbus.fr\/TourBus-Artistes\/wp-content\/uploads\/2024\/07\/Dynamisation-de-la-Scene-Locale.jpg 1024w, https:\/\/location-tourbus.fr\/TourBus-Artistes\/wp-content\/uploads\/2024\/07\/Dynamisation-de-la-Scene-Locale-300x300.jpg 300w, https:\/\/location-tourbus.fr\/TourBus-Artistes\/wp-content\/uploads\/2024\/07\/Dynamisation-de-la-Scene-Locale-150x150.jpg 150w, https:\/\/location-tourbus.fr\/TourBus-Artistes\/wp-content\/uploads\/2024\/07\/Dynamisation-de-la-Scene-Locale-768x768.jpg 768w\" sizes=\"auto, (max-width: 1024px) 100vw, 1024px\" \/>   <\/a>\n<\/div>\n\t\t\t\t\t<div class=\"col-padding col-padding-xs\">\n\t\t\t\t\t\t<h3 class=\"post-title space-bottom-small\">\n\t\t\t\t\t\t\t<a href=\"https:\/\/location-tourbus.fr\/TourBus-Artistes\/dossier-sur-la-location-de-tourbus-pas-cher\/\" rel=\"bookmark\">\n\t\t\t\t\t\t\t\tDossier sur la location de Tourbus pas cher\t\t\t\t\t\t\t<\/a>\n\t\t\t\t\t\t<\/h3>\n\t\t\t\t\t\t<p>Introduction La location de tourbus est une solution populaire pour les groupes souhaitant voyager ensemble de mani\u00e8re pratique et \u00e9conomique. Que ce soit pour des excursions scolaires, des sorties d&rsquo;entreprise,[&hellip;]<\/p>\n\t\t\t\t\t\t<a class=\"read-more link\" href=\"https:\/\/location-tourbus.fr\/TourBus-Artistes\/dossier-sur-la-location-de-tourbus-pas-cher\/\">\n\t\t\t\t\t\t\tRead more\t\t\t\t\t\t<\/a>\n\t\t\t\t\t<\/div>\n\t\t\t\t<\/div>\n\t\t\t<\/div>\n\t\t\t\t\t\t<div id=\"post-158\" class=\"col-sm-6 col-md-4 space-bottom space-bottom-xs\">\n\t\t\t\t<div class=\"post-content card y-move bordered\">\n\t\t\t\t\t<div class=\"post-thumbnail\">\n   <a href=\"https:\/\/location-tourbus.fr\/TourBus-Artistes\/guide-complet-des-concerts-en-france-artistes-production-transport-et-visiteurs\/\" class=\"post-list-item-thumb \">\n      <img loading=\"lazy\" decoding=\"async\" width=\"1024\" height=\"1024\" src=\"https:\/\/location-tourbus.fr\/TourBus-Artistes\/wp-content\/uploads\/2024\/07\/concerts-en-direct-tourbus.jpg\" class=\"attachment-post-thumbnail size-post-thumbnail wp-post-image\" alt=\"concerts-en-direct-tourbus\" srcset=\"https:\/\/location-tourbus.fr\/TourBus-Artistes\/wp-content\/uploads\/2024\/07\/concerts-en-direct-tourbus.jpg 1024w, https:\/\/location-tourbus.fr\/TourBus-Artistes\/wp-content\/uploads\/2024\/07\/concerts-en-direct-tourbus-300x300.jpg 300w, https:\/\/location-tourbus.fr\/TourBus-Artistes\/wp-content\/uploads\/2024\/07\/concerts-en-direct-tourbus-150x150.jpg 150w, https:\/\/location-tourbus.fr\/TourBus-Artistes\/wp-content\/uploads\/2024\/07\/concerts-en-direct-tourbus-768x768.jpg 768w\" sizes=\"auto, (max-width: 1024px) 100vw, 1024px\" \/>   <\/a>\n<\/div>\n\t\t\t\t\t<div class=\"col-padding col-padding-xs\">\n\t\t\t\t\t\t<h3 class=\"post-title space-bottom-small\">\n\t\t\t\t\t\t\t<a href=\"https:\/\/location-tourbus.fr\/TourBus-Artistes\/guide-complet-des-concerts-en-france-artistes-production-transport-et-visiteurs\/\" rel=\"bookmark\">\n\t\t\t\t\t\t\t\tGuide Complet des Concerts en France : Artistes, Production, Transport et Visiteurs\t\t\t\t\t\t\t<\/a>\n\t\t\t\t\t\t<\/h3>\n\t\t\t\t\t\t<p>Introduction Contexte et importance des concerts en France Histoire des concerts en France Importance \u00e9conomique et culturelle des concerts Chapitre 1 : Les Artistes S\u00e9lection des artistes Artistes nationaux vs[&hellip;]<\/p>\n\t\t\t\t\t\t<a class=\"read-more link\" href=\"https:\/\/location-tourbus.fr\/TourBus-Artistes\/guide-complet-des-concerts-en-france-artistes-production-transport-et-visiteurs\/\">\n\t\t\t\t\t\t\tRead more\t\t\t\t\t\t<\/a>\n\t\t\t\t\t<\/div>\n\t\t\t\t<\/div>\n\t\t\t<\/div>\n\t\t\t\t<\/div>\n\t<\/div><\/div> <div  class=\"row\"><div  class=\"text-center\"> <a  class=\"button color1\" data-attr-shortcode=\"href:mesmerize_blog_link\" href=\"https:\/\/location-tourbus.fr\/TourBus-Artistes\/blog\/\">VIEW OUR BLOG<\/a><\/div> <\/div><\/div><\/div>","protected":false},"excerpt":{"rendered":"<p>Tourbus : Confort en Tourn\u00e9e Les Meilleures Options de Tourbus pour une Tourn\u00e9e R\u00e9ussie Tourbus : Tourn\u00e9e Optimale Guide Complet pour Louer un Tourbus pour Votre Prochaine Tourn\u00e9e Tourbus : Voyage VIP Optimisez Votre Tourn\u00e9e avec la Location de Tourbus : Avantages et Conseils Tourn\u00e9e en Tourbus Comment Choisir le Tourbus Id\u00e9al pour Votre Tourn\u00e9e&hellip; <br \/> <a class=\"read-more\" href=\"https:\/\/location-tourbus.fr\/TourBus-Artistes\/guide-complet-des-concerts-en-france-artistes-production-transport-et-visiteurs\/\">Lire la suite<\/a><\/p>\n","protected":false},"author":1,"featured_media":0,"parent":0,"menu_order":0,"comment_status":"closed","ping_status":"closed","template":"page-templates\/homepage.php","meta":{"footnotes":""},"class_list":["post-88","page","type-page","status-publish","hentry"],"_links":{"self":[{"href":"https:\/\/location-tourbus.fr\/TourBus-Artistes\/wp-json\/wp\/v2\/pages\/88","targetHints":{"allow":["GET"]}}],"collection":[{"href":"https:\/\/location-tourbus.fr\/TourBus-Artistes\/wp-json\/wp\/v2\/pages"}],"about":[{"href":"https:\/\/location-tourbus.fr\/TourBus-Artistes\/wp-json\/wp\/v2\/types\/page"}],"author":[{"embeddable":true,"href":"https:\/\/location-tourbus.fr\/TourBus-Artistes\/wp-json\/wp\/v2\/users\/1"}],"replies":[{"embeddable":true,"href":"https:\/\/location-tourbus.fr\/TourBus-Artistes\/wp-json\/wp\/v2\/comments?post=88"}],"version-history":[{"count":14,"href":"https:\/\/location-tourbus.fr\/TourBus-Artistes\/wp-json\/wp\/v2\/pages\/88\/revisions"}],"predecessor-version":[{"id":140,"href":"https:\/\/location-tourbus.fr\/TourBus-Artistes\/wp-json\/wp\/v2\/pages\/88\/revisions\/140"}],"wp:attachment":[{"href":"https:\/\/location-tourbus.fr\/TourBus-Artistes\/wp-json\/wp\/v2\/media?parent=88"}],"curies":[{"name":"wp","href":"https:\/\/api.w.org\/{rel}","templated":true}]}}